{"id":35632,"date":"2021-08-03T10:21:32","date_gmt":"2021-08-03T15:21:32","guid":{"rendered":"https:\/\/saluteventrentals.com\/about-us\/"},"modified":"2025-01-06T12:00:41","modified_gmt":"2025-01-06T17:00:41","slug":"sobre-nosotros","status":"publish","type":"page","link":"https:\/\/saluteventrentals.com\/es\/sobre-nosotros\/","title":{"rendered":"Sobre Nosotros"},"content":{"rendered":"\t\t<div data-elementor-type=\"wp-page\" data-elementor-id=\"35632\" class=\"elementor elementor-35632\" data-elementor-post-type=\"page\">\n\t\t\t\t\t\t<section class=\"elementor-section elementor-top-section elementor-element elementor-element-1f547c2 elementor-section-boxed elementor-section-height-default elementor-section-height-default\" data-id=\"1f547c2\" data-element_type=\"section\">\n\t\t\t\t\t\t<div class=\"elementor-container elementor-column-gap-default\">\n\t\t\t\t\t<div class=\"elementor-column elementor-col-100 elementor-top-column elementor-element elementor-element-5df742b\" data-id=\"5df742b\" data-element_type=\"column\">\n\t\t\t<div class=\"elementor-widget-wrap elementor-element-populated\">\n\t\t\t\t\t\t<div class=\"elementor-element elementor-element-ec4cf15 elementor-widget elementor-widget-heading\" data-id=\"ec4cf15\" data-element_type=\"widget\" data-settings=\"{&quot;motion_fx_motion_fx_scrolling&quot;:&quot;yes&quot;,&quot;motion_fx_opacity_effect&quot;:&quot;yes&quot;,&quot;motion_fx_opacity_direction&quot;:&quot;out-in&quot;,&quot;motion_fx_opacity_level&quot;:{&quot;unit&quot;:&quot;px&quot;,&quot;size&quot;:10,&quot;sizes&quot;:[]},&quot;motion_fx_opacity_range&quot;:{&quot;unit&quot;:&quot;%&quot;,&quot;size&quot;:&quot;&quot;,&quot;sizes&quot;:{&quot;start&quot;:20,&quot;end&quot;:80}},&quot;motion_fx_devices&quot;:[&quot;desktop&quot;,&quot;tablet&quot;,&quot;mobile&quot;]}\" data-widget_type=\"heading.default\">\n\t\t\t\t<div class=\"elementor-widget-container\">\n\t\t\t\t\t<h2 class=\"elementor-heading-title elementor-size-default\">SOBRE NOSOTROS<\/h2>\t\t\t\t<\/div>\n\t\t\t\t<\/div>\n\t\t\t\t\t<\/div>\n\t\t<\/div>\n\t\t\t\t\t<\/div>\n\t\t<\/section>\n\t\t\t\t<section class=\"elementor-section elementor-top-section elementor-element elementor-element-f2d11ce elementor-section-boxed elementor-section-height-default elementor-section-height-default\" data-id=\"f2d11ce\" data-element_type=\"section\">\n\t\t\t\t\t\t<div class=\"elementor-container elementor-column-gap-default\">\n\t\t\t\t\t<div class=\"elementor-column elementor-col-100 elementor-top-column elementor-element elementor-element-4701755\" data-id=\"4701755\" data-element_type=\"column\">\n\t\t\t<div class=\"elementor-widget-wrap elementor-element-populated\">\n\t\t\t\t\t\t<div class=\"elementor-element elementor-element-8098726 elementor-widget elementor-widget-text-editor\" data-id=\"8098726\" data-element_type=\"widget\" data-widget_type=\"text-editor.default\">\n\t\t\t\t<div class=\"elementor-widget-container\">\n\t\t\t\t\t\t\t\t\t<p><strong>Salut Event Rentals<\/strong> es una empresa familiar ubicada en McKinney, TX. Fundada en 2018, nuestra misi\u00f3n es simple: abordar dos problemas comunes en la industria de alquiler de eventos. Primero, quer\u00edamos ofrecer opciones asequibles para contrarrestar los precios desmesurados de las grandes empresas de alquiler, que cobran tarifas excesivas por cantidades peque\u00f1as de equipo (como unas cuantas sillas o mesas). Segundo, buscamos resolver la frustraci\u00f3n de tratar con alquileres individuales poco confiables a trav\u00e9s de plataformas como Facebook Marketplace o Craigslist, donde las promesas de entrega a menudo terminan en decepci\u00f3n.<\/p>\n<p><strong>Nuestros Servicios<\/strong><br>En Salut Event Rentals, creemos que las reuniones peque\u00f1as merecen el mismo nivel de cuidado y atenci\u00f3n que los grandes eventos. Nos especializamos en proporcionar equipo de alquiler de calidad para que tu reuni\u00f3n sea fluida y agradable. Ya sea que necesites carpas, mesas, sillas o art\u00edculos especiales como instalaciones de cine al aire libre y m\u00e1quinas de palomitas de ma\u00edz, tenemos todo cubierto.<\/p>\n<p><strong>Conf\u00eda en un Experto Experimentado<\/strong><br>Estamos aqu\u00ed para ayudarte a hacer que tu evento sea inolvidable. Ya sea que necesites consejos o recomendaciones, nuestro equipo experimentado est\u00e1 listo para guiarte durante todo el proceso. Tenemos un historial de 6 a\u00f1os creando eventos impecables que se ajustan tanto a tu lista de invitados como a tu presupuesto.<\/p>\n<p><strong>Por Qu\u00e9 Nuestros Clientes Nos Aman?<\/strong><br>Hemos construido una base de clientes leales que constantemente recomiendan nuestros servicios, y estamos orgullosos de servirles. Nuestros clientes aprecian nuestro excelente servicio al cliente, precios competitivos, fiabilidad y nuestro compromiso de hacer que cada evento sea lo m\u00e1s fluido posible. Estas son solo algunas de las razones por las que nos destacamos en el \u00e1rea de DFW.<\/p>\n<p>Nos enfocamos en ofrecer opciones asequibles para reuniones m\u00e1s peque\u00f1as de 75 personas o menos, porque sabemos que las grandes empresas de alquiler suelen cobrar precios inflados para estos eventos. Desde reuniones en el jard\u00edn hasta fiestas de cumplea\u00f1os, peque\u00f1os conciertos y graduaciones, estamos aqu\u00ed para ayudarte a hacer de tu evento un \u00e9xito.<\/p>\n<p><strong>Nuestro Equipo<\/strong><br>Ofrecemos todo lo que necesitas para crear el evento perfecto:<br>\u2022 Carpas<br>\u2022 Mesas<br>\u2022 Sillas<br>\u2022 Enfriadores Evaporativos<br>\u2022 Ventiladores<br>\u2022 M\u00e1quinas de Palomitas de Ma\u00edz<br>\u2022 Calentadores Exteriores<br>\u2022 Instalaciones de Cine al Aire Libre<br>\u2022 Paredes de Flores<br>\u2022 \u00a1Y mucho m\u00e1s!<\/p>\n<p><strong>Nuestra Garant\u00eda<\/strong><br>En Salut Event Rentals, entendemos que nuestro inventario refleja directamente el \u00e9xito de tu evento. Nuestro equipo est\u00e1 dedicado a ser confiable, puntual y listo para ofrecer un servicio excepcional de principio a fin. Trabajamos arduamente para cumplir con tu presupuesto y plazos, asegur\u00e1ndonos de que tu evento transcurra sin problemas.<\/p>\n<p>Esperamos poder asociarnos contigo para tu pr\u00f3ximo evento, proporcion\u00e1ndote las herramientas y la experiencia para hacerlo verdaderamente especial.<\/p>\n<p><\/p>\t\t\t\t\t\t\t\t<\/div>\n\t\t\t\t<\/div>\n\t\t\t\t\t<\/div>\n\t\t<\/div>\n\t\t\t\t\t<\/div>\n\t\t<\/section>\n\t\t\t\t<\/div>\n\t\t","protected":false},"excerpt":{"rendered":"<p>SOBRE NOSOTROS Salut Event Rentals es una empresa familiar ubicada en McKinney, TX. Fundada en 2018, nuestra misi\u00f3n es simple: abordar dos problemas comunes en la industria de alquiler de eventos. Primero, quer\u00edamos ofrecer opciones asequibles para contrarrestar los precios desmesurados de las grandes empresas de alquiler, que cobran [&hellip;]<\/p>\n","protected":false},"author":1,"featured_media":0,"parent":0,"menu_order":0,"comment_status":"closed","ping_status":"closed","template":"","meta":{"site-sidebar-layout":"no-sidebar","site-content-layout":"page-builder","ast-site-content-layout":"default","site-content-style":"default","site-sidebar-style":"default","ast-global-header-display":"","ast-banner-title-visibility":"","ast-main-header-display":"","ast-hfb-above-header-display":"","ast-hfb-below-header-display":"","ast-hfb-mobile-header-display":"","site-post-title":"disabled","ast-breadcrumbs-content":"","ast-featured-img":"disabled","footer-sml-layout":"","theme-transparent-header-meta":"default","adv-header-id-meta":"","stick-header-meta":"default","header-above-stick-meta":"","header-main-stick-meta":"","header-below-stick-meta":"","astra-migrate-meta-layouts":"default","ast-page-background-enabled":"default","ast-page-background-meta":{"desktop":{"background-color":"","background-image":"","background-repeat":"repeat","background-position":"center center","background-size":"auto","background-attachment":"scroll","background-type":"","background-media":"","overlay-type":"","overlay-color":"","overlay-opacity":"","overlay-gradient":""},"tablet":{"background-color":"","background-image":"","background-repeat":"repeat","background-position":"center center","background-size":"auto","background-attachment":"scroll","background-type":"","background-media":"","overlay-type":"","overlay-color":"","overlay-opacity":"","overlay-gradient":""},"mobile":{"background-color":"","background-image":"","background-repeat":"repeat","background-position":"center center","background-size":"auto","background-attachment":"scroll","background-type":"","background-media":"","overlay-type":"","overlay-color":"","overlay-opacity":"","overlay-gradient":""}},"ast-content-background-meta":{"desktop":{"background-color":"var(--ast-global-color-5)","background-image":"","background-repeat":"repeat","background-position":"center center","background-size":"auto","background-attachment":"scroll","background-type":"","background-media":"","overlay-type":"","overlay-color":"","overlay-opacity":"","overlay-gradient":""},"tablet":{"background-color":"var(--ast-global-color-5)","background-image":"","background-repeat":"repeat","background-position":"center center","background-size":"auto","background-attachment":"scroll","background-type":"","background-media":"","overlay-type":"","overlay-color":"","overlay-opacity":"","overlay-gradient":""},"mobile":{"background-color":"var(--ast-global-color-5)","background-image":"","background-repeat":"repeat","background-position":"center center","background-size":"auto","background-attachment":"scroll","background-type":"","background-media":"","overlay-type":"","overlay-color":"","overlay-opacity":"","overlay-gradient":""}},"footnotes":""},"class_list":["post-35632","page","type-page","status-publish","hentry"],"_links":{"self":[{"href":"https:\/\/saluteventrentals.com\/es\/wp-json\/wp\/v2\/pages\/35632","targetHints":{"allow":["GET"]}}],"collection":[{"href":"https:\/\/saluteventrentals.com\/es\/wp-json\/wp\/v2\/pages"}],"about":[{"href":"https:\/\/saluteventrentals.com\/es\/wp-json\/wp\/v2\/types\/page"}],"author":[{"embeddable":true,"href":"https:\/\/saluteventrentals.com\/es\/wp-json\/wp\/v2\/users\/1"}],"replies":[{"embeddable":true,"href":"https:\/\/saluteventrentals.com\/es\/wp-json\/wp\/v2\/comments?post=35632"}],"version-history":[{"count":8,"href":"https:\/\/saluteventrentals.com\/es\/wp-json\/wp\/v2\/pages\/35632\/revisions"}],"predecessor-version":[{"id":51634,"href":"https:\/\/saluteventrentals.com\/es\/wp-json\/wp\/v2\/pages\/35632\/revisions\/51634"}],"wp:attachment":[{"href":"https:\/\/saluteventrentals.com\/es\/wp-json\/wp\/v2\/media?parent=35632"}],"curies":[{"name":"wp","href":"https:\/\/api.w.org\/{rel}","templated":true}]}}